{"id":233,"date":"2017-01-26T20:58:11","date_gmt":"2017-01-26T19:58:11","guid":{"rendered":"http:\/\/www.ll-ag.ch\/?page_id=233\/"},"modified":"2019-02-02T12:22:25","modified_gmt":"2019-02-02T11:22:25","slug":"accueil","status":"publish","type":"page","link":"https:\/\/www.ll-ag.ch\/fr\/","title":{"rendered":"Accueil"},"content":{"rendered":"\n<style type=\"text\/css\" data-created_by=\"avia_inline_auto\" id=\"style-css-av-av_section-424a9815d66b4874d39d220127b935ad\">\n.avia-section.av-av_section-424a9815d66b4874d39d220127b935ad{\nbackground-repeat:no-repeat;\nbackground-image:url(https:\/\/www.ll-ag.ch\/webseite\/wp-content\/uploads\/2016\/12\/migros-la-gradelle-genf-ausschnitt.jpg);\nbackground-position:50% 50%;\nbackground-attachment:scroll;\n}\n<\/style>\n<div id='av_section_1'  class='avia-section av-av_section-424a9815d66b4874d39d220127b935ad main_color avia-section-default avia-no-border-styling  avia-builder-el-0  el_before_av_one_third  avia-builder-el-first  avia-full-stretch avia-bg-style-scroll av-minimum-height av-minimum-height-custom av-height-custom  container_wrap fullsize'  data-section-bg-repeat='stretch' data-av_minimum_height_px='500'><div class='container av-section-cont-open' style='height:500px'><main  role=\"main\" itemprop=\"mainContentOfPage\"  class='template-page content  av-content-full alpha units'><div class='post-entry post-entry-type-page post-entry-233'><div class='entry-content-wrapper clearfix'>\n<div class='flex_column_table av-av_two_fifth-e5f170c73706bb1f83c0f34d45d7765c sc-av_two_fifth av-equal-height-column-flextable'>\n<style type=\"text\/css\" data-created_by=\"avia_inline_auto\" id=\"style-css-av-av_two_fifth-e5f170c73706bb1f83c0f34d45d7765c\">\n.flex_column.av-av_two_fifth-e5f170c73706bb1f83c0f34d45d7765c{\nborder-radius:2px 2px 2px 2px;\npadding:20px 20px 20px 20px;\nbackground-color:rgba(89,219,59,0.8);\n}\n<\/style>\n<div  class='flex_column av-av_two_fifth-e5f170c73706bb1f83c0f34d45d7765c av_two_fifth  avia-builder-el-1  el_before_av_one_half  avia-builder-el-first  first flex_column_table_cell av-equal-height-column av-align-middle  '     ><style type=\"text\/css\" data-created_by=\"avia_inline_auto\" id=\"style-css-av-av_heading-2ed82b0d7d3727491e00dd15b30851bc\">\n#top .av-special-heading.av-av_heading-2ed82b0d7d3727491e00dd15b30851bc{\npadding-bottom:10px;\ncolor:#ffffff;\n}\nbody .av-special-heading.av-av_heading-2ed82b0d7d3727491e00dd15b30851bc .av-special-heading-tag .heading-char{\nfont-size:25px;\n}\n.av-special-heading.av-av_heading-2ed82b0d7d3727491e00dd15b30851bc .special-heading-inner-border{\nborder-color:#ffffff;\n}\n.av-special-heading.av-av_heading-2ed82b0d7d3727491e00dd15b30851bc .av-subheading{\nfont-size:15px;\n}\n<\/style>\n<div  class='av-special-heading av-av_heading-2ed82b0d7d3727491e00dd15b30851bc av-special-heading-h1 custom-color-heading blockquote modern-quote  avia-builder-el-2  avia-builder-el-no-sibling '><h1 class='av-special-heading-tag '  itemprop=\"headline\"  >Nous mettons en lumi\u00e8re vos produits!<\/h1><div class=\"special-heading-border\"><div class=\"special-heading-inner-border\"><\/div><\/div><\/div><\/div><div class='av-flex-placeholder'><\/div>\n<style type=\"text\/css\" data-created_by=\"avia_inline_auto\" id=\"style-css-av-av_one_half-0aa7055fe62c3622faec82866afbaeb2\">\n.flex_column.av-av_one_half-0aa7055fe62c3622faec82866afbaeb2{\nborder-radius:0px 0px 0px 0px;\npadding:0px 0px 0px 0px;\n}\n<\/style>\n<div  class='flex_column av-av_one_half-0aa7055fe62c3622faec82866afbaeb2 av_one_half  avia-builder-el-3  el_after_av_two_fifth  avia-builder-el-last  flex_column_table_cell av-equal-height-column av-align-middle av-zero-column-padding  '     ><\/div><\/div><!--close column table wrapper. Autoclose: 1 -->\n<\/div><\/div><\/main><!-- close content main element --><\/div><\/div><div id='after_section_1'  class='main_color av_default_container_wrap container_wrap fullsize'  ><div class='container av-section-cont-open' ><div class='template-page content  av-content-full alpha units'><div class='post-entry post-entry-type-page post-entry-233'><div class='entry-content-wrapper clearfix'>\n<div class='flex_column_table av-av_one_third-57828e4db76f3a0b11c550c9535f3675 sc-av_one_third av-equal-height-column-flextable'>\n<style type=\"text\/css\" data-created_by=\"avia_inline_auto\" id=\"style-css-av-av_one_third-57828e4db76f3a0b11c550c9535f3675\">\n.flex_column.av-av_one_third-57828e4db76f3a0b11c550c9535f3675{\nborder-radius:0px 0px 0px 0px;\npadding:25px 25px 25px 25px;\nbackground-color:rgba(2,0,0,0.1);\n}\n<\/style>\n<div  class='flex_column av-av_one_third-57828e4db76f3a0b11c550c9535f3675 av_one_third  avia-builder-el-4  el_after_av_section  el_before_av_one_third  avia-builder-el-first  first flex_column_table_cell av-equal-height-column av-align-top  '     ><p>\n<style type=\"text\/css\" data-created_by=\"avia_inline_auto\" id=\"style-css-av-av_heading-cfc15994c51fd392a3885965647167ec\">\n#top .av-special-heading.av-av_heading-cfc15994c51fd392a3885965647167ec{\npadding-bottom:10px;\nfont-size:30px;\n}\nbody .av-special-heading.av-av_heading-cfc15994c51fd392a3885965647167ec .av-special-heading-tag .heading-char{\nfont-size:25px;\n}\n#top #wrap_all .av-special-heading.av-av_heading-cfc15994c51fd392a3885965647167ec .av-special-heading-tag{\nfont-size:30px;\n}\n.av-special-heading.av-av_heading-cfc15994c51fd392a3885965647167ec .av-subheading{\nfont-size:15px;\n}\n\n@media only screen and (min-width: 480px) and (max-width: 767px){ \n#top #wrap_all .av-special-heading.av-av_heading-cfc15994c51fd392a3885965647167ec .av-special-heading-tag{\nfont-size:0.8em;\n}\n}\n\n@media only screen and (max-width: 479px){ \n#top #wrap_all .av-special-heading.av-av_heading-cfc15994c51fd392a3885965647167ec .av-special-heading-tag{\nfont-size:0.8em;\n}\n}\n<\/style>\n<div  class='av-special-heading av-av_heading-cfc15994c51fd392a3885965647167ec av-special-heading-h3 blockquote modern-quote  avia-builder-el-5  el_before_av_textblock  avia-builder-el-first  av-inherit-size'><h3 class='av-special-heading-tag '  itemprop=\"headline\"  >Agencement de magasins<\/h3><div class=\"special-heading-border\"><div class=\"special-heading-inner-border\"><\/div><\/div><\/div><br \/>\n<section  class='av_textblock_section av-av_textblock-396ddf1f42196ca838231e61a4602801 '   itemscope=\"itemscope\" itemtype=\"https:\/\/schema.org\/CreativeWork\" ><div class='avia_textblock'  itemprop=\"text\" ><p>Des solutions innovantes qui attirent le regard de l\u2019acheteur directement sur votre gamme de produits. Cette mise en valeur efficace int\u00e9grant harmonieusement le corporate design de votre entreprise annonce subtilement votre caract\u00e9ristique distinctive quant \u00e0 la fra\u00eecheur des produits, leurs qualit\u00e9s et un bon rapport qualit\u00e9-prix. Et ceci en ad\u00e9quation avec vos professionnels de la mise-en-place quotidienne.<\/p>\n<\/div><\/section><\/p><\/div><div class='av-flex-placeholder'><\/div>\n<style type=\"text\/css\" data-created_by=\"avia_inline_auto\" id=\"style-css-av-av_one_third-07b11dbbdb388ba139432e2f80e07ac7\">\n.flex_column.av-av_one_third-07b11dbbdb388ba139432e2f80e07ac7{\nborder-radius:0px 0px 0px 0px;\npadding:25px 25px 25px 25px;\nbackground-color:rgba(2,0,0,0.1);\n}\n<\/style>\n<div  class='flex_column av-av_one_third-07b11dbbdb388ba139432e2f80e07ac7 av_one_third  avia-builder-el-7  el_after_av_one_third  el_before_av_one_third  flex_column_table_cell av-equal-height-column av-align-top  '     ><p>\n<style type=\"text\/css\" data-created_by=\"avia_inline_auto\" id=\"style-css-av-av_heading-6ca5c2b74261282589770f57ed686fe4\">\n#top .av-special-heading.av-av_heading-6ca5c2b74261282589770f57ed686fe4{\npadding-bottom:10px;\nfont-size:30px;\n}\nbody .av-special-heading.av-av_heading-6ca5c2b74261282589770f57ed686fe4 .av-special-heading-tag .heading-char{\nfont-size:25px;\n}\n#top #wrap_all .av-special-heading.av-av_heading-6ca5c2b74261282589770f57ed686fe4 .av-special-heading-tag{\nfont-size:30px;\n}\n.av-special-heading.av-av_heading-6ca5c2b74261282589770f57ed686fe4 .av-subheading{\nfont-size:15px;\n}\n\n@media only screen and (min-width: 480px) and (max-width: 767px){ \n#top #wrap_all .av-special-heading.av-av_heading-6ca5c2b74261282589770f57ed686fe4 .av-special-heading-tag{\nfont-size:0.8em;\n}\n}\n\n@media only screen and (max-width: 479px){ \n#top #wrap_all .av-special-heading.av-av_heading-6ca5c2b74261282589770f57ed686fe4 .av-special-heading-tag{\nfont-size:0.8em;\n}\n}\n<\/style>\n<div  class='av-special-heading av-av_heading-6ca5c2b74261282589770f57ed686fe4 av-special-heading-h3 blockquote modern-quote  avia-builder-el-8  el_before_av_textblock  avia-builder-el-first  av-inherit-size'><h3 class='av-special-heading-tag '  itemprop=\"headline\"  >\u00c9quipement pour entrep\u00f4ts<\/h3><div class=\"special-heading-border\"><div class=\"special-heading-inner-border\"><\/div><\/div><\/div><br \/>\n<section  class='av_textblock_section av-av_textblock-0366cc7376be6c9e82a3e9cc8987b64f '   itemscope=\"itemscope\" itemtype=\"https:\/\/schema.org\/CreativeWork\" ><div class='avia_textblock'  itemprop=\"text\" ><p>Nous \u00e9tudions m\u00e9ticuleusement vos besoins sp\u00e9cifiques, les comprenons afin de les convertir en solutions individuelles.<br \/>\nDes crit\u00e8res tels que la simplicit\u00e9, la solidit\u00e9, l&#8217;extensibilit\u00e9, la fonctionnalit\u00e9 et la standardisation garantissent une meilleure performance et efficacit\u00e9.<\/p>\n<p>Tout simplement mieux!<\/p>\n<\/div><\/section><\/p><\/div><div class='av-flex-placeholder'><\/div>\n<style type=\"text\/css\" data-created_by=\"avia_inline_auto\" id=\"style-css-av-av_one_third-07b11dbbdb388ba139432e2f80e07ac7\">\n.flex_column.av-av_one_third-07b11dbbdb388ba139432e2f80e07ac7{\nborder-radius:0px 0px 0px 0px;\npadding:25px 25px 25px 25px;\nbackground-color:rgba(2,0,0,0.1);\n}\n<\/style>\n<div  class='flex_column av-av_one_third-07b11dbbdb388ba139432e2f80e07ac7 av_one_third  avia-builder-el-10  el_after_av_one_third  el_before_av_one_third  flex_column_table_cell av-equal-height-column av-align-top  '     ><p>\n<style type=\"text\/css\" data-created_by=\"avia_inline_auto\" id=\"style-css-av-av_heading-66dda8674118181503b0167a23eeb786\">\n#top .av-special-heading.av-av_heading-66dda8674118181503b0167a23eeb786{\npadding-bottom:10px;\nfont-size:30px;\n}\nbody .av-special-heading.av-av_heading-66dda8674118181503b0167a23eeb786 .av-special-heading-tag .heading-char{\nfont-size:25px;\n}\n#top #wrap_all .av-special-heading.av-av_heading-66dda8674118181503b0167a23eeb786 .av-special-heading-tag{\nfont-size:30px;\n}\n.av-special-heading.av-av_heading-66dda8674118181503b0167a23eeb786 .av-subheading{\nfont-size:15px;\n}\n\n@media only screen and (min-width: 480px) and (max-width: 767px){ \n#top #wrap_all .av-special-heading.av-av_heading-66dda8674118181503b0167a23eeb786 .av-special-heading-tag{\nfont-size:0.8em;\n}\n}\n\n@media only screen and (max-width: 479px){ \n#top #wrap_all .av-special-heading.av-av_heading-66dda8674118181503b0167a23eeb786 .av-special-heading-tag{\nfont-size:0.8em;\n}\n}\n<\/style>\n<div  class='av-special-heading av-av_heading-66dda8674118181503b0167a23eeb786 av-special-heading-h3 blockquote modern-quote  avia-builder-el-11  el_before_av_textblock  avia-builder-el-first  av-inherit-size'><h3 class='av-special-heading-tag '  itemprop=\"headline\"  >Nos clients<\/h3><div class=\"special-heading-border\"><div class=\"special-heading-inner-border\"><\/div><\/div><\/div><br \/>\n<section  class='av_textblock_section av-av_textblock-0366cc7376be6c9e82a3e9cc8987b64f '   itemscope=\"itemscope\" itemtype=\"https:\/\/schema.org\/CreativeWork\" ><div class='avia_textblock'  itemprop=\"text\" ><p>Nous centrons nos comp\u00e9tences avant tout sur le commerce stationnaire que ce soit la grande distribution, les filiales, les grossistes, les d\u00e9taillants, les ind\u00e9pendants, les magasins. Nous sommes affut\u00e9s, motiv\u00e9s et \u00e0 votre \u00e9coute afin de d\u00e9velopper des solutions qui \u00e9poustouflent!<\/p>\n<p><strong>Notre devise : \u00ab\u00e7a ne va pas!\u00bb, n\u2019existe pas!<\/strong><\/p>\n<p>Cet objectif renforce notre comp\u00e9tence-cl\u00e9.<\/p>\n<\/div><\/section><\/p><\/div><\/div><!--close column table wrapper. Autoclose: 1 --><div class='flex_column_table av-jrne0kmv-bb8f2cde0e581c6cbf38bcbe29b9916e sc-av_one_third av-equal-height-column-flextable'>\n<style type=\"text\/css\" data-created_by=\"avia_inline_auto\" id=\"style-css-av-jrne0kmv-bb8f2cde0e581c6cbf38bcbe29b9916e\">\n.flex_column.av-jrne0kmv-bb8f2cde0e581c6cbf38bcbe29b9916e{\nborder-radius:0px 0px 0px 0px;\npadding:0px 0px 0px 0px;\n}\n<\/style>\n<div  class='flex_column av-jrne0kmv-bb8f2cde0e581c6cbf38bcbe29b9916e av_one_third  avia-builder-el-13  el_after_av_one_third  el_before_av_one_third  first flex_column_table_cell av-equal-height-column av-align-top av-zero-column-padding  column-top-margin'     ><div  class='avia-button-wrap avia-button-center  avia-builder-el-14  avia-builder-el-no-sibling '>\n<style type=\"text\/css\" data-created_by=\"avia_inline_auto\" id=\"style-css-av-jrne01zx-8936fa4c007dbcfdff895cbfbd465863\">\n#top #wrap_all .avia-button.av-jrne01zx-8936fa4c007dbcfdff895cbfbd465863{\ncolor:#ffffff;\ntransition:all 0.4s ease-in-out;\n}\n#top #wrap_all .avia-button.av-jrne01zx-8936fa4c007dbcfdff895cbfbd465863:hover{\ncolor:#ffffff;\ntransition:all 0.4s ease-in-out;\n}\n#top #wrap_all .avia-button.av-jrne01zx-8936fa4c007dbcfdff895cbfbd465863 .avia-svg-icon svg:first-child{\nfill:#ffffff;\nstroke:#ffffff;\n}\n#top #wrap_all .avia-button.av-jrne01zx-8936fa4c007dbcfdff895cbfbd465863:hover .avia-svg-icon svg:first-child{\nfill:#ffffff;\nstroke:#ffffff;\n}\n<\/style>\n<a href='https:\/\/www.ll-ag.ch\/fr\/prestations\/' class='avia-color-theme-color avia-button avia-button-fullwidth av-jrne01zx-8936fa4c007dbcfdff895cbfbd465863 avia-icon_select-no avia-color-theme-color'   aria-label=\"Plus d\u2018infos\"><span class='avia_iconbox_title' >Plus d\u2018infos<\/span><span class='avia_button_background avia-button avia-button-fullwidth avia-color-theme-color'><\/span><\/a><\/div><\/div><div class='av-flex-placeholder'><\/div>\n<style type=\"text\/css\" data-created_by=\"avia_inline_auto\" id=\"style-css-av-av_one_third-f7c1061df29de8cca6b42fcf455fe4a0\">\n.flex_column.av-av_one_third-f7c1061df29de8cca6b42fcf455fe4a0{\nborder-radius:0px 0px 0px 0px;\npadding:0px 0px 0px 0px;\n}\n<\/style>\n<div  class='flex_column av-av_one_third-f7c1061df29de8cca6b42fcf455fe4a0 av_one_third  avia-builder-el-15  el_after_av_one_third  el_before_av_one_third  flex_column_table_cell av-equal-height-column av-align-top av-zero-column-padding  column-top-margin'     ><div  class='avia-button-wrap avia-button-center  avia-builder-el-16  avia-builder-el-no-sibling '>\n<style type=\"text\/css\" data-created_by=\"avia_inline_auto\" id=\"style-css-av-jrne01zx-8936fa4c007dbcfdff895cbfbd465863\">\n#top #wrap_all .avia-button.av-jrne01zx-8936fa4c007dbcfdff895cbfbd465863{\ncolor:#ffffff;\ntransition:all 0.4s ease-in-out;\n}\n#top #wrap_all .avia-button.av-jrne01zx-8936fa4c007dbcfdff895cbfbd465863:hover{\ncolor:#ffffff;\ntransition:all 0.4s ease-in-out;\n}\n#top #wrap_all .avia-button.av-jrne01zx-8936fa4c007dbcfdff895cbfbd465863 .avia-svg-icon svg:first-child{\nfill:#ffffff;\nstroke:#ffffff;\n}\n#top #wrap_all .avia-button.av-jrne01zx-8936fa4c007dbcfdff895cbfbd465863:hover .avia-svg-icon svg:first-child{\nfill:#ffffff;\nstroke:#ffffff;\n}\n<\/style>\n<a href='https:\/\/www.ll-ag.ch\/fr\/prestations\/' class='avia-color-theme-color avia-button avia-button-fullwidth av-jrne01zx-8936fa4c007dbcfdff895cbfbd465863 avia-icon_select-no avia-color-theme-color'   aria-label=\"Plus d\u2018infos\"><span class='avia_iconbox_title' >Plus d\u2018infos<\/span><span class='avia_button_background avia-button avia-button-fullwidth avia-color-theme-color'><\/span><\/a><\/div><\/div><div class='av-flex-placeholder'><\/div>\n<style type=\"text\/css\" data-created_by=\"avia_inline_auto\" id=\"style-css-av-av_one_third-f7c1061df29de8cca6b42fcf455fe4a0\">\n.flex_column.av-av_one_third-f7c1061df29de8cca6b42fcf455fe4a0{\nborder-radius:0px 0px 0px 0px;\npadding:0px 0px 0px 0px;\n}\n<\/style>\n<div  class='flex_column av-av_one_third-f7c1061df29de8cca6b42fcf455fe4a0 av_one_third  avia-builder-el-17  el_after_av_one_third  avia-builder-el-last  flex_column_table_cell av-equal-height-column av-align-top av-zero-column-padding  column-top-margin'     ><div  class='avia-button-wrap avia-button-center  avia-builder-el-18  avia-builder-el-no-sibling '>\n<style type=\"text\/css\" data-created_by=\"avia_inline_auto\" id=\"style-css-av-jrne01zx-3a2e7ef1e69b6f195738b1dd25c109b7\">\n#top #wrap_all .avia-button.av-jrne01zx-3a2e7ef1e69b6f195738b1dd25c109b7{\ncolor:#ffffff;\ntransition:all 0.4s ease-in-out;\n}\n#top #wrap_all .avia-button.av-jrne01zx-3a2e7ef1e69b6f195738b1dd25c109b7:hover{\ncolor:#ffffff;\ntransition:all 0.4s ease-in-out;\n}\n#top #wrap_all .avia-button.av-jrne01zx-3a2e7ef1e69b6f195738b1dd25c109b7 .avia-svg-icon svg:first-child{\nfill:#ffffff;\nstroke:#ffffff;\n}\n#top #wrap_all .avia-button.av-jrne01zx-3a2e7ef1e69b6f195738b1dd25c109b7:hover .avia-svg-icon svg:first-child{\nfill:#ffffff;\nstroke:#ffffff;\n}\n<\/style>\n<a href='https:\/\/www.ll-ag.ch\/fr\/references\/' class='avia-color-theme-color avia-button avia-button-fullwidth av-jrne01zx-3a2e7ef1e69b6f195738b1dd25c109b7 avia-icon_select-no avia-color-theme-color'   aria-label=\"Plus d\u2018infos\"><span class='avia_iconbox_title' >Plus d\u2018infos<\/span><span class='avia_button_background avia-button avia-button-fullwidth avia-color-theme-color'><\/span><\/a><\/div><\/div><\/div><!--close column table wrapper. Autoclose: 1 --><\/p>\n","protected":false},"excerpt":{"rendered":"","protected":false},"author":1,"featured_media":0,"parent":0,"menu_order":0,"comment_status":"closed","ping_status":"closed","template":"","meta":{"footnotes":""},"class_list":["post-233","page","type-page","status-publish","hentry"],"yoast_head":"<!-- This site is optimized with the Yoast SEO plugin v27.4 - https:\/\/yoast.com\/product\/yoast-seo-wordpress\/ -->\n<title>LL Ladenbau &amp; Lagertechnik AG - Luzern \u2013 Des solutions innovantes<\/title>\n<meta name=\"description\" content=\"Nous mettons en lumi\u00e8re vos produits! Des solutions innovantes qui attirent le regard de l\u2019acheteur directement sur votre gamme de produits.\" \/>\n<meta name=\"robots\" content=\"index, follow, max-snippet:-1, max-image-preview:large, max-video-preview:-1\" \/>\n<link rel=\"canonical\" href=\"https:\/\/www.ll-ag.ch\/fr\/\" \/>\n<meta property=\"og:locale\" content=\"fr_FR\" \/>\n<meta property=\"og:type\" content=\"article\" \/>\n<meta property=\"og:title\" content=\"LL Ladenbau &amp; Lagertechnik AG - Luzern \u2013 Des solutions innovantes\" \/>\n<meta property=\"og:description\" content=\"Nous mettons en lumi\u00e8re vos produits! Des solutions innovantes qui attirent le regard de l\u2019acheteur directement sur votre gamme de produits.\" \/>\n<meta property=\"og:url\" content=\"https:\/\/www.ll-ag.ch\/fr\/\" \/>\n<meta property=\"og:site_name\" content=\"Ladenbau und Lagertechnik AG\" \/>\n<meta property=\"article:modified_time\" content=\"2019-02-02T11:22:25+00:00\" \/>\n<meta name=\"twitter:card\" content=\"summary_large_image\" \/>\n<meta name=\"twitter:label1\" content=\"Gesch\u00e4tzte Lesezeit\" \/>\n\t<meta name=\"twitter:data1\" content=\"7\u00a0Minuten\" \/>\n<script type=\"application\/ld+json\" class=\"yoast-schema-graph\">{\"@context\":\"https:\\\/\\\/schema.org\",\"@graph\":[{\"@type\":\"WebPage\",\"@id\":\"https:\\\/\\\/www.ll-ag.ch\\\/fr\\\/\",\"url\":\"https:\\\/\\\/www.ll-ag.ch\\\/fr\\\/\",\"name\":\"LL Ladenbau & Lagertechnik AG - Luzern \u2013 Des solutions innovantes\",\"isPartOf\":{\"@id\":\"https:\\\/\\\/www.ll-ag.ch\\\/#website\"},\"datePublished\":\"2017-01-26T19:58:11+00:00\",\"dateModified\":\"2019-02-02T11:22:25+00:00\",\"description\":\"Nous mettons en lumi\u00e8re vos produits! Des solutions innovantes qui attirent le regard de l\u2019acheteur directement sur votre gamme de produits.\",\"breadcrumb\":{\"@id\":\"https:\\\/\\\/www.ll-ag.ch\\\/fr\\\/#breadcrumb\"},\"inLanguage\":\"de\",\"potentialAction\":[{\"@type\":\"ReadAction\",\"target\":[\"https:\\\/\\\/www.ll-ag.ch\\\/fr\\\/\"]}]},{\"@type\":\"BreadcrumbList\",\"@id\":\"https:\\\/\\\/www.ll-ag.ch\\\/fr\\\/#breadcrumb\",\"itemListElement\":[{\"@type\":\"ListItem\",\"position\":1,\"name\":\"Startseite\",\"item\":\"https:\\\/\\\/www.ll-ag.ch\\\/fr\\\/\"},{\"@type\":\"ListItem\",\"position\":2,\"name\":\"Accueil\"}]},{\"@type\":\"WebSite\",\"@id\":\"https:\\\/\\\/www.ll-ag.ch\\\/#website\",\"url\":\"https:\\\/\\\/www.ll-ag.ch\\\/\",\"name\":\"Ladenbau und Lagertechnik AG\",\"description\":\"Wir r\u00fccken Ihre Produkte ins richtige Licht\",\"publisher\":{\"@id\":\"https:\\\/\\\/www.ll-ag.ch\\\/#organization\"},\"potentialAction\":[{\"@type\":\"SearchAction\",\"target\":{\"@type\":\"EntryPoint\",\"urlTemplate\":\"https:\\\/\\\/www.ll-ag.ch\\\/?s={search_term_string}\"},\"query-input\":{\"@type\":\"PropertyValueSpecification\",\"valueRequired\":true,\"valueName\":\"search_term_string\"}}],\"inLanguage\":\"de\"},{\"@type\":\"Organization\",\"@id\":\"https:\\\/\\\/www.ll-ag.ch\\\/#organization\",\"name\":\"Ladenbau und Lagertechnik AG\",\"url\":\"https:\\\/\\\/www.ll-ag.ch\\\/\",\"logo\":{\"@type\":\"ImageObject\",\"inLanguage\":\"de\",\"@id\":\"https:\\\/\\\/www.ll-ag.ch\\\/#\\\/schema\\\/logo\\\/image\\\/\",\"url\":\"https:\\\/\\\/www.ll-ag.ch\\\/webseite\\\/wp-content\\\/uploads\\\/2017\\\/06\\\/logo-favicon.png\",\"contentUrl\":\"https:\\\/\\\/www.ll-ag.ch\\\/webseite\\\/wp-content\\\/uploads\\\/2017\\\/06\\\/logo-favicon.png\",\"width\":468,\"height\":468,\"caption\":\"Ladenbau und Lagertechnik AG\"},\"image\":{\"@id\":\"https:\\\/\\\/www.ll-ag.ch\\\/#\\\/schema\\\/logo\\\/image\\\/\"}}]}<\/script>\n<!-- \/ Yoast SEO plugin. -->","yoast_head_json":{"title":"LL Ladenbau & Lagertechnik AG - Luzern \u2013 Des solutions innovantes","description":"Nous mettons en lumi\u00e8re vos produits! Des solutions innovantes qui attirent le regard de l\u2019acheteur directement sur votre gamme de produits.","robots":{"index":"index","follow":"follow","max-snippet":"max-snippet:-1","max-image-preview":"max-image-preview:large","max-video-preview":"max-video-preview:-1"},"canonical":"https:\/\/www.ll-ag.ch\/fr\/","og_locale":"fr_FR","og_type":"article","og_title":"LL Ladenbau & Lagertechnik AG - Luzern \u2013 Des solutions innovantes","og_description":"Nous mettons en lumi\u00e8re vos produits! Des solutions innovantes qui attirent le regard de l\u2019acheteur directement sur votre gamme de produits.","og_url":"https:\/\/www.ll-ag.ch\/fr\/","og_site_name":"Ladenbau und Lagertechnik AG","article_modified_time":"2019-02-02T11:22:25+00:00","twitter_card":"summary_large_image","twitter_misc":{"Gesch\u00e4tzte Lesezeit":"7\u00a0Minuten"},"schema":{"@context":"https:\/\/schema.org","@graph":[{"@type":"WebPage","@id":"https:\/\/www.ll-ag.ch\/fr\/","url":"https:\/\/www.ll-ag.ch\/fr\/","name":"LL Ladenbau & Lagertechnik AG - Luzern \u2013 Des solutions innovantes","isPartOf":{"@id":"https:\/\/www.ll-ag.ch\/#website"},"datePublished":"2017-01-26T19:58:11+00:00","dateModified":"2019-02-02T11:22:25+00:00","description":"Nous mettons en lumi\u00e8re vos produits! Des solutions innovantes qui attirent le regard de l\u2019acheteur directement sur votre gamme de produits.","breadcrumb":{"@id":"https:\/\/www.ll-ag.ch\/fr\/#breadcrumb"},"inLanguage":"de","potentialAction":[{"@type":"ReadAction","target":["https:\/\/www.ll-ag.ch\/fr\/"]}]},{"@type":"BreadcrumbList","@id":"https:\/\/www.ll-ag.ch\/fr\/#breadcrumb","itemListElement":[{"@type":"ListItem","position":1,"name":"Startseite","item":"https:\/\/www.ll-ag.ch\/fr\/"},{"@type":"ListItem","position":2,"name":"Accueil"}]},{"@type":"WebSite","@id":"https:\/\/www.ll-ag.ch\/#website","url":"https:\/\/www.ll-ag.ch\/","name":"Ladenbau und Lagertechnik AG","description":"Wir r\u00fccken Ihre Produkte ins richtige Licht","publisher":{"@id":"https:\/\/www.ll-ag.ch\/#organization"},"potentialAction":[{"@type":"SearchAction","target":{"@type":"EntryPoint","urlTemplate":"https:\/\/www.ll-ag.ch\/?s={search_term_string}"},"query-input":{"@type":"PropertyValueSpecification","valueRequired":true,"valueName":"search_term_string"}}],"inLanguage":"de"},{"@type":"Organization","@id":"https:\/\/www.ll-ag.ch\/#organization","name":"Ladenbau und Lagertechnik AG","url":"https:\/\/www.ll-ag.ch\/","logo":{"@type":"ImageObject","inLanguage":"de","@id":"https:\/\/www.ll-ag.ch\/#\/schema\/logo\/image\/","url":"https:\/\/www.ll-ag.ch\/webseite\/wp-content\/uploads\/2017\/06\/logo-favicon.png","contentUrl":"https:\/\/www.ll-ag.ch\/webseite\/wp-content\/uploads\/2017\/06\/logo-favicon.png","width":468,"height":468,"caption":"Ladenbau und Lagertechnik AG"},"image":{"@id":"https:\/\/www.ll-ag.ch\/#\/schema\/logo\/image\/"}}]}},"_links":{"self":[{"href":"https:\/\/www.ll-ag.ch\/fr\/wp-json\/wp\/v2\/pages\/233\/"}],"collection":[{"href":"https:\/\/www.ll-ag.ch\/fr\/wp-json\/wp\/v2\/pages\/"}],"about":[{"href":"https:\/\/www.ll-ag.ch\/fr\/wp-json\/wp\/v2\/types\/page\/"}],"author":[{"embeddable":true,"href":"https:\/\/www.ll-ag.ch\/fr\/wp-json\/wp\/v2\/users\/1\/"}],"replies":[{"embeddable":true,"href":"https:\/\/www.ll-ag.ch\/fr\/wp-json\/wp\/v2\/comments\/?post=233"}],"version-history":[{"count":11,"href":"https:\/\/www.ll-ag.ch\/fr\/wp-json\/wp\/v2\/pages\/233\/revisions\/"}],"predecessor-version":[{"id":845,"href":"https:\/\/www.ll-ag.ch\/fr\/wp-json\/wp\/v2\/pages\/233\/revisions\/845\/"}],"wp:attachment":[{"href":"https:\/\/www.ll-ag.ch\/fr\/wp-json\/wp\/v2\/media\/?parent=233"}],"curies":[{"name":"wp","href":"https:\/\/api.w.org\/{rel}","templated":true}]}}