{"id":237,"date":"2017-01-26T21:01:03","date_gmt":"2017-01-26T20:01:03","guid":{"rendered":"http:\/\/www.ll-ag.ch\/?page_id=237\/"},"modified":"2017-06-06T22:11:47","modified_gmt":"2017-06-06T20:11:47","slug":"prestations","status":"publish","type":"page","link":"https:\/\/www.ll-ag.ch\/fr\/prestations\/","title":{"rendered":"Prestations"},"content":{"rendered":"\n<style type=\"text\/css\" data-created_by=\"avia_inline_auto\" id=\"style-css-av-av_section-ed0e1ef86cef60183ccb27bf89392695\">\n.avia-section.av-av_section-ed0e1ef86cef60183ccb27bf89392695{\nbackground-repeat:no-repeat;\nbackground-image:url(https:\/\/www.ll-ag.ch\/webseite\/wp-content\/uploads\/2016\/12\/migros-balexert-genf-ausschnitt.jpg);\nbackground-position:50% 50%;\nbackground-attachment:scroll;\n}\n<\/style>\n<div id='av_section_1'  class='avia-section av-av_section-ed0e1ef86cef60183ccb27bf89392695 main_color avia-section-default avia-no-border-styling  avia-builder-el-0  el_before_av_two_third  avia-builder-el-first  avia-full-stretch avia-bg-style-scroll av-minimum-height av-minimum-height-custom av-height-custom  container_wrap fullsize'  data-section-bg-repeat='stretch' data-av_minimum_height_px='400'><div class='container av-section-cont-open' style='height:400px'><main  role=\"main\" itemprop=\"mainContentOfPage\"  class='template-page content  av-content-full alpha units'><div class='post-entry post-entry-type-page post-entry-237'><div class='entry-content-wrapper clearfix'>\n<div class='flex_column_table av-av_two_fifth-e5f170c73706bb1f83c0f34d45d7765c sc-av_two_fifth av-equal-height-column-flextable'>\n<style type=\"text\/css\" data-created_by=\"avia_inline_auto\" id=\"style-css-av-av_two_fifth-e5f170c73706bb1f83c0f34d45d7765c\">\n.flex_column.av-av_two_fifth-e5f170c73706bb1f83c0f34d45d7765c{\nborder-radius:2px 2px 2px 2px;\npadding:20px 20px 20px 20px;\nbackground-color:rgba(89,219,59,0.8);\n}\n<\/style>\n<div  class='flex_column av-av_two_fifth-e5f170c73706bb1f83c0f34d45d7765c av_two_fifth  avia-builder-el-1  el_before_av_one_half  avia-builder-el-first  first flex_column_table_cell av-equal-height-column av-align-middle  '     ><style type=\"text\/css\" data-created_by=\"avia_inline_auto\" id=\"style-css-av-av_heading-3db079c365b71352a0f3ada41f5a0fcc\">\n#top .av-special-heading.av-av_heading-3db079c365b71352a0f3ada41f5a0fcc{\npadding-bottom:10px;\ncolor:#ffffff;\n}\nbody .av-special-heading.av-av_heading-3db079c365b71352a0f3ada41f5a0fcc .av-special-heading-tag .heading-char{\nfont-size:25px;\n}\n.av-special-heading.av-av_heading-3db079c365b71352a0f3ada41f5a0fcc .special-heading-inner-border{\nborder-color:#ffffff;\n}\n.av-special-heading.av-av_heading-3db079c365b71352a0f3ada41f5a0fcc .av-subheading{\nfont-size:15px;\n}\n<\/style>\n<div  class='av-special-heading av-av_heading-3db079c365b71352a0f3ada41f5a0fcc av-special-heading-h1 custom-color-heading blockquote modern-quote  avia-builder-el-2  avia-builder-el-no-sibling '><h1 class='av-special-heading-tag '  itemprop=\"headline\"  >Prestations<\/h1><div class=\"special-heading-border\"><div class=\"special-heading-inner-border\"><\/div><\/div><\/div><\/div><div class='av-flex-placeholder'><\/div>\n<style type=\"text\/css\" data-created_by=\"avia_inline_auto\" id=\"style-css-av-av_one_half-0aa7055fe62c3622faec82866afbaeb2\">\n.flex_column.av-av_one_half-0aa7055fe62c3622faec82866afbaeb2{\nborder-radius:0px 0px 0px 0px;\npadding:0px 0px 0px 0px;\n}\n<\/style>\n<div  class='flex_column av-av_one_half-0aa7055fe62c3622faec82866afbaeb2 av_one_half  avia-builder-el-3  el_after_av_two_fifth  avia-builder-el-last  flex_column_table_cell av-equal-height-column av-align-middle av-zero-column-padding  '     ><\/div><\/div><!--close column table wrapper. Autoclose: 1 -->\n<\/div><\/div><\/main><!-- close content main element --><\/div><\/div><div id='after_section_1'  class='main_color av_default_container_wrap container_wrap fullsize'  ><div class='container av-section-cont-open' ><div class='template-page content  av-content-full alpha units'><div class='post-entry post-entry-type-page post-entry-237'><div class='entry-content-wrapper clearfix'>\n<div class='flex_column_table av-av_two_third-57828e4db76f3a0b11c550c9535f3675 sc-av_two_third av-equal-height-column-flextable'>\n<style type=\"text\/css\" data-created_by=\"avia_inline_auto\" id=\"style-css-av-av_two_third-57828e4db76f3a0b11c550c9535f3675\">\n.flex_column.av-av_two_third-57828e4db76f3a0b11c550c9535f3675{\nborder-radius:0px 0px 0px 0px;\npadding:25px 25px 25px 25px;\nbackground-color:rgba(2,0,0,0.1);\n}\n<\/style>\n<div  class='flex_column av-av_two_third-57828e4db76f3a0b11c550c9535f3675 av_two_third  avia-builder-el-4  el_after_av_section  el_before_av_one_third  avia-builder-el-first  first flex_column_table_cell av-equal-height-column av-align-top  '     ><p>\n<style type=\"text\/css\" data-created_by=\"avia_inline_auto\" id=\"style-css-av-av_heading-aff23412a66f491192b74738aa457db3\">\n#top .av-special-heading.av-av_heading-aff23412a66f491192b74738aa457db3{\npadding-bottom:10px;\nfont-size:30px;\n}\nbody .av-special-heading.av-av_heading-aff23412a66f491192b74738aa457db3 .av-special-heading-tag .heading-char{\nfont-size:25px;\n}\n#top #wrap_all .av-special-heading.av-av_heading-aff23412a66f491192b74738aa457db3 .av-special-heading-tag{\nfont-size:30px;\n}\n.av-special-heading.av-av_heading-aff23412a66f491192b74738aa457db3 .av-subheading{\nfont-size:15px;\n}\n\n@media only screen and (min-width: 480px) and (max-width: 767px){ \n#top #wrap_all .av-special-heading.av-av_heading-aff23412a66f491192b74738aa457db3 .av-special-heading-tag{\nfont-size:0.8em;\n}\n}\n\n@media only screen and (max-width: 479px){ \n#top #wrap_all .av-special-heading.av-av_heading-aff23412a66f491192b74738aa457db3 .av-special-heading-tag{\nfont-size:0.8em;\n}\n}\n<\/style>\n<div  class='av-special-heading av-av_heading-aff23412a66f491192b74738aa457db3 av-special-heading-h3 blockquote modern-quote  avia-builder-el-5  el_before_av_textblock  avia-builder-el-first  av-inherit-size'><h3 class='av-special-heading-tag '  itemprop=\"headline\"  >Agencement de magasins<\/h3><div class=\"special-heading-border\"><div class=\"special-heading-inner-border\"><\/div><\/div><\/div><br \/>\n<section  class='av_textblock_section av-av_textblock-396ddf1f42196ca838231e61a4602801 '   itemscope=\"itemscope\" itemtype=\"https:\/\/schema.org\/CreativeWork\" ><div class='avia_textblock'  itemprop=\"text\" ><p>Quotidiennement, vous mettez en sc\u00e8ne un spectacle de fra\u00eecheur en libre-service. Des produits plus frais que jamais en passant par le pain tout juste sorti du four, les viennoiseries aux fruits et l\u00e9gumes : uniquement le meilleur!<\/p>\n<p>Avec nos pr\u00e9sentoirs sophistiqu\u00e9s votre gamme de produits frais est mise en valeur et confirment votre authenticit\u00e9.<\/p>\n<p>De plus une bonne mise en \u00e9vidence des produits d\u00e9clenche chez le client des achats spontan\u00e9s dans le secteur du near\/non-food. Nos supports de vente int\u00e8grent votre message sur la durabilit\u00e9, la conformit\u00e9, le rapport qualit\u00e9-prix, l\u2019originalit\u00e9 etc., de mani\u00e8re discr\u00e8te et toutefois perceptible.<br \/>\nNos pr\u00e9sentoirs valorisent vos produits.<\/p>\n<\/div><\/section><\/p><\/div><div class='av-flex-placeholder'><\/div>\n<style type=\"text\/css\" data-created_by=\"avia_inline_auto\" id=\"style-css-av-av_one_third-07b11dbbdb388ba139432e2f80e07ac7\">\n.flex_column.av-av_one_third-07b11dbbdb388ba139432e2f80e07ac7{\nborder-radius:0px 0px 0px 0px;\npadding:25px 25px 25px 25px;\nbackground-color:rgba(2,0,0,0.1);\n}\n<\/style>\n<div  class='flex_column av-av_one_third-07b11dbbdb388ba139432e2f80e07ac7 av_one_third  avia-builder-el-7  el_after_av_two_third  avia-builder-el-last  flex_column_table_cell av-equal-height-column av-align-top  '     ><p>\n<style type=\"text\/css\" data-created_by=\"avia_inline_auto\" id=\"style-css-av-av_heading-0f5fcfc03cfdb76ea8d4b5c7159cdc31\">\n#top .av-special-heading.av-av_heading-0f5fcfc03cfdb76ea8d4b5c7159cdc31{\npadding-bottom:10px;\nfont-size:30px;\n}\nbody .av-special-heading.av-av_heading-0f5fcfc03cfdb76ea8d4b5c7159cdc31 .av-special-heading-tag .heading-char{\nfont-size:25px;\n}\n#top #wrap_all .av-special-heading.av-av_heading-0f5fcfc03cfdb76ea8d4b5c7159cdc31 .av-special-heading-tag{\nfont-size:30px;\n}\n.av-special-heading.av-av_heading-0f5fcfc03cfdb76ea8d4b5c7159cdc31 .av-subheading{\nfont-size:15px;\n}\n\n@media only screen and (min-width: 480px) and (max-width: 767px){ \n#top #wrap_all .av-special-heading.av-av_heading-0f5fcfc03cfdb76ea8d4b5c7159cdc31 .av-special-heading-tag{\nfont-size:0.8em;\n}\n}\n\n@media only screen and (max-width: 479px){ \n#top #wrap_all .av-special-heading.av-av_heading-0f5fcfc03cfdb76ea8d4b5c7159cdc31 .av-special-heading-tag{\nfont-size:0.8em;\n}\n}\n<\/style>\n<div  class='av-special-heading av-av_heading-0f5fcfc03cfdb76ea8d4b5c7159cdc31 av-special-heading-h3 blockquote modern-quote  avia-builder-el-8  el_before_av_textblock  avia-builder-el-first  av-inherit-size'><h3 class='av-special-heading-tag '  itemprop=\"headline\"  >\u00c9quipement pour entrep\u00f4ts<\/h3><div class=\"special-heading-border\"><div class=\"special-heading-inner-border\"><\/div><\/div><\/div><br \/>\n<section  class='av_textblock_section av-av_textblock-0366cc7376be6c9e82a3e9cc8987b64f '   itemscope=\"itemscope\" itemtype=\"https:\/\/schema.org\/CreativeWork\" ><div class='avia_textblock'  itemprop=\"text\" ><p>Une gestion efficace permet de faire baisser les co\u00fbts sans que le client s\u2019en aper\u00e7oive. De sorte que ces \u00e9conomies peuvent \u00eatre r\u00e9investies dans la relation client et aura ainsi un effet positif sur le r\u00e9sultat d\u2019exploitation. Nous vous garantissons une longueur d\u2019avance sur vos concurrents concernant la fonctionnalit\u00e9 de vos entrep\u00f4ts.<\/p>\n<\/div><\/section><\/p><\/div><\/div><!--close column table wrapper. Autoclose: 1 --><\/p>\n","protected":false},"excerpt":{"rendered":"","protected":false},"author":1,"featured_media":0,"parent":0,"menu_order":0,"comment_status":"closed","ping_status":"closed","template":"","meta":{"footnotes":""},"class_list":["post-237","page","type-page","status-publish","hentry"],"yoast_head":"<!-- This site is optimized with the Yoast SEO plugin v27.4 - https:\/\/yoast.com\/product\/yoast-seo-wordpress\/ -->\n<title>Prestations \u2013 LL Ladenbau &amp; Lagertechnik AG - Luzern<\/title>\n<meta name=\"description\" content=\"Avec nos pr\u00e9sentoirs sophistiqu\u00e9s votre gamme de produits frais est mise en valeur et confirment votre authenticit\u00e9.\" \/>\n<meta name=\"robots\" content=\"index, follow, max-snippet:-1, max-image-preview:large, max-video-preview:-1\" \/>\n<link rel=\"canonical\" href=\"https:\/\/www.ll-ag.ch\/fr\/prestations\/\" \/>\n<meta property=\"og:locale\" content=\"fr_FR\" \/>\n<meta property=\"og:type\" content=\"article\" \/>\n<meta property=\"og:title\" content=\"Prestations \u2013 LL Ladenbau &amp; Lagertechnik AG - Luzern\" \/>\n<meta property=\"og:description\" content=\"Avec nos pr\u00e9sentoirs sophistiqu\u00e9s votre gamme de produits frais est mise en valeur et confirment votre authenticit\u00e9.\" \/>\n<meta property=\"og:url\" content=\"https:\/\/www.ll-ag.ch\/fr\/prestations\/\" \/>\n<meta property=\"og:site_name\" content=\"Ladenbau und Lagertechnik AG\" \/>\n<meta property=\"article:modified_time\" content=\"2017-06-06T20:11:47+00:00\" \/>\n<meta name=\"twitter:card\" content=\"summary_large_image\" \/>\n<meta name=\"twitter:label1\" content=\"Gesch\u00e4tzte Lesezeit\" \/>\n\t<meta name=\"twitter:data1\" content=\"3\u00a0Minuten\" \/>\n<script type=\"application\/ld+json\" class=\"yoast-schema-graph\">{\"@context\":\"https:\\\/\\\/schema.org\",\"@graph\":[{\"@type\":\"WebPage\",\"@id\":\"https:\\\/\\\/www.ll-ag.ch\\\/fr\\\/prestations\\\/\",\"url\":\"https:\\\/\\\/www.ll-ag.ch\\\/fr\\\/prestations\\\/\",\"name\":\"Prestations \u2013 LL Ladenbau & Lagertechnik AG - Luzern\",\"isPartOf\":{\"@id\":\"https:\\\/\\\/www.ll-ag.ch\\\/#website\"},\"datePublished\":\"2017-01-26T20:01:03+00:00\",\"dateModified\":\"2017-06-06T20:11:47+00:00\",\"description\":\"Avec nos pr\u00e9sentoirs sophistiqu\u00e9s votre gamme de produits frais est mise en valeur et confirment votre authenticit\u00e9.\",\"breadcrumb\":{\"@id\":\"https:\\\/\\\/www.ll-ag.ch\\\/fr\\\/prestations\\\/#breadcrumb\"},\"inLanguage\":\"de\",\"potentialAction\":[{\"@type\":\"ReadAction\",\"target\":[\"https:\\\/\\\/www.ll-ag.ch\\\/fr\\\/prestations\\\/\"]}]},{\"@type\":\"BreadcrumbList\",\"@id\":\"https:\\\/\\\/www.ll-ag.ch\\\/fr\\\/prestations\\\/#breadcrumb\",\"itemListElement\":[{\"@type\":\"ListItem\",\"position\":1,\"name\":\"Startseite\",\"item\":\"https:\\\/\\\/www.ll-ag.ch\\\/fr\\\/\"},{\"@type\":\"ListItem\",\"position\":2,\"name\":\"Prestations\"}]},{\"@type\":\"WebSite\",\"@id\":\"https:\\\/\\\/www.ll-ag.ch\\\/#website\",\"url\":\"https:\\\/\\\/www.ll-ag.ch\\\/\",\"name\":\"Ladenbau und Lagertechnik AG\",\"description\":\"Wir r\u00fccken Ihre Produkte ins richtige Licht\",\"publisher\":{\"@id\":\"https:\\\/\\\/www.ll-ag.ch\\\/#organization\"},\"potentialAction\":[{\"@type\":\"SearchAction\",\"target\":{\"@type\":\"EntryPoint\",\"urlTemplate\":\"https:\\\/\\\/www.ll-ag.ch\\\/?s={search_term_string}\"},\"query-input\":{\"@type\":\"PropertyValueSpecification\",\"valueRequired\":true,\"valueName\":\"search_term_string\"}}],\"inLanguage\":\"de\"},{\"@type\":\"Organization\",\"@id\":\"https:\\\/\\\/www.ll-ag.ch\\\/#organization\",\"name\":\"Ladenbau und Lagertechnik AG\",\"url\":\"https:\\\/\\\/www.ll-ag.ch\\\/\",\"logo\":{\"@type\":\"ImageObject\",\"inLanguage\":\"de\",\"@id\":\"https:\\\/\\\/www.ll-ag.ch\\\/#\\\/schema\\\/logo\\\/image\\\/\",\"url\":\"https:\\\/\\\/www.ll-ag.ch\\\/webseite\\\/wp-content\\\/uploads\\\/2017\\\/06\\\/logo-favicon.png\",\"contentUrl\":\"https:\\\/\\\/www.ll-ag.ch\\\/webseite\\\/wp-content\\\/uploads\\\/2017\\\/06\\\/logo-favicon.png\",\"width\":468,\"height\":468,\"caption\":\"Ladenbau und Lagertechnik AG\"},\"image\":{\"@id\":\"https:\\\/\\\/www.ll-ag.ch\\\/#\\\/schema\\\/logo\\\/image\\\/\"}}]}<\/script>\n<!-- \/ Yoast SEO plugin. -->","yoast_head_json":{"title":"Prestations \u2013 LL Ladenbau & Lagertechnik AG - Luzern","description":"Avec nos pr\u00e9sentoirs sophistiqu\u00e9s votre gamme de produits frais est mise en valeur et confirment votre authenticit\u00e9.","robots":{"index":"index","follow":"follow","max-snippet":"max-snippet:-1","max-image-preview":"max-image-preview:large","max-video-preview":"max-video-preview:-1"},"canonical":"https:\/\/www.ll-ag.ch\/fr\/prestations\/","og_locale":"fr_FR","og_type":"article","og_title":"Prestations \u2013 LL Ladenbau & Lagertechnik AG - Luzern","og_description":"Avec nos pr\u00e9sentoirs sophistiqu\u00e9s votre gamme de produits frais est mise en valeur et confirment votre authenticit\u00e9.","og_url":"https:\/\/www.ll-ag.ch\/fr\/prestations\/","og_site_name":"Ladenbau und Lagertechnik AG","article_modified_time":"2017-06-06T20:11:47+00:00","twitter_card":"summary_large_image","twitter_misc":{"Gesch\u00e4tzte Lesezeit":"3\u00a0Minuten"},"schema":{"@context":"https:\/\/schema.org","@graph":[{"@type":"WebPage","@id":"https:\/\/www.ll-ag.ch\/fr\/prestations\/","url":"https:\/\/www.ll-ag.ch\/fr\/prestations\/","name":"Prestations \u2013 LL Ladenbau & Lagertechnik AG - Luzern","isPartOf":{"@id":"https:\/\/www.ll-ag.ch\/#website"},"datePublished":"2017-01-26T20:01:03+00:00","dateModified":"2017-06-06T20:11:47+00:00","description":"Avec nos pr\u00e9sentoirs sophistiqu\u00e9s votre gamme de produits frais est mise en valeur et confirment votre authenticit\u00e9.","breadcrumb":{"@id":"https:\/\/www.ll-ag.ch\/fr\/prestations\/#breadcrumb"},"inLanguage":"de","potentialAction":[{"@type":"ReadAction","target":["https:\/\/www.ll-ag.ch\/fr\/prestations\/"]}]},{"@type":"BreadcrumbList","@id":"https:\/\/www.ll-ag.ch\/fr\/prestations\/#breadcrumb","itemListElement":[{"@type":"ListItem","position":1,"name":"Startseite","item":"https:\/\/www.ll-ag.ch\/fr\/"},{"@type":"ListItem","position":2,"name":"Prestations"}]},{"@type":"WebSite","@id":"https:\/\/www.ll-ag.ch\/#website","url":"https:\/\/www.ll-ag.ch\/","name":"Ladenbau und Lagertechnik AG","description":"Wir r\u00fccken Ihre Produkte ins richtige Licht","publisher":{"@id":"https:\/\/www.ll-ag.ch\/#organization"},"potentialAction":[{"@type":"SearchAction","target":{"@type":"EntryPoint","urlTemplate":"https:\/\/www.ll-ag.ch\/?s={search_term_string}"},"query-input":{"@type":"PropertyValueSpecification","valueRequired":true,"valueName":"search_term_string"}}],"inLanguage":"de"},{"@type":"Organization","@id":"https:\/\/www.ll-ag.ch\/#organization","name":"Ladenbau und Lagertechnik AG","url":"https:\/\/www.ll-ag.ch\/","logo":{"@type":"ImageObject","inLanguage":"de","@id":"https:\/\/www.ll-ag.ch\/#\/schema\/logo\/image\/","url":"https:\/\/www.ll-ag.ch\/webseite\/wp-content\/uploads\/2017\/06\/logo-favicon.png","contentUrl":"https:\/\/www.ll-ag.ch\/webseite\/wp-content\/uploads\/2017\/06\/logo-favicon.png","width":468,"height":468,"caption":"Ladenbau und Lagertechnik AG"},"image":{"@id":"https:\/\/www.ll-ag.ch\/#\/schema\/logo\/image\/"}}]}},"_links":{"self":[{"href":"https:\/\/www.ll-ag.ch\/fr\/wp-json\/wp\/v2\/pages\/237\/"}],"collection":[{"href":"https:\/\/www.ll-ag.ch\/fr\/wp-json\/wp\/v2\/pages\/"}],"about":[{"href":"https:\/\/www.ll-ag.ch\/fr\/wp-json\/wp\/v2\/types\/page\/"}],"author":[{"embeddable":true,"href":"https:\/\/www.ll-ag.ch\/fr\/wp-json\/wp\/v2\/users\/1\/"}],"replies":[{"embeddable":true,"href":"https:\/\/www.ll-ag.ch\/fr\/wp-json\/wp\/v2\/comments\/?post=237"}],"version-history":[{"count":6,"href":"https:\/\/www.ll-ag.ch\/fr\/wp-json\/wp\/v2\/pages\/237\/revisions\/"}],"predecessor-version":[{"id":498,"href":"https:\/\/www.ll-ag.ch\/fr\/wp-json\/wp\/v2\/pages\/237\/revisions\/498\/"}],"wp:attachment":[{"href":"https:\/\/www.ll-ag.ch\/fr\/wp-json\/wp\/v2\/media\/?parent=237"}],"curies":[{"name":"wp","href":"https:\/\/api.w.org\/{rel}","templated":true}]}}